{"id":36,"date":"2025-05-19T21:35:46","date_gmt":"2025-05-19T19:35:46","guid":{"rendered":"http:\/\/mmi24a01.mmi-troyes.fr\/wr211\/?page_id=36"},"modified":"2025-05-19T23:14:52","modified_gmt":"2025-05-19T21:14:52","slug":"surveillance-interieure","status":"publish","type":"page","link":"https:\/\/mmi24a01.mmi-troyes.fr\/wr211\/surveillance-interieure\/","title":{"rendered":"Surveillance Int\u00e9rieure"},"content":{"rendered":"\n<figure class=\"wp-block-image size-full\"><img loading=\"lazy\" decoding=\"async\" width=\"736\" height=\"736\" src=\"http:\/\/mmi24a01.mmi-troyes.fr\/wr211\/wp-content\/uploads\/2025\/05\/The-5-Best-Home-Security-Cameras-to-Ease-Your-Mind-and-Protect-Your-Property.jpeg\" alt=\"\" class=\"wp-image-79\" srcset=\"https:\/\/mmi24a01.mmi-troyes.fr\/wr211\/wp-content\/uploads\/2025\/05\/The-5-Best-Home-Security-Cameras-to-Ease-Your-Mind-and-Protect-Your-Property.jpeg 736w, https:\/\/mmi24a01.mmi-troyes.fr\/wr211\/wp-content\/uploads\/2025\/05\/The-5-Best-Home-Security-Cameras-to-Ease-Your-Mind-and-Protect-Your-Property-300x300.jpeg 300w, https:\/\/mmi24a01.mmi-troyes.fr\/wr211\/wp-content\/uploads\/2025\/05\/The-5-Best-Home-Security-Cameras-to-Ease-Your-Mind-and-Protect-Your-Property-150x150.jpeg 150w, https:\/\/mmi24a01.mmi-troyes.fr\/wr211\/wp-content\/uploads\/2025\/05\/The-5-Best-Home-Security-Cameras-to-Ease-Your-Mind-and-Protect-Your-Property-600x600.jpeg 600w\" sizes=\"auto, (max-width: 736px) 100vw, 736px\" \/><\/figure>\n\n\n\n<p>Prot\u00e9gez ce qui compte le plus avec nos cam\u00e9ras de surveillance int\u00e9rieure. Discr\u00e8tes, \u00e9l\u00e9gantes et faciles \u00e0 installer, elles s\u2019int\u00e8grent parfaitement \u00e0 tous les environnements : domicile, bureau, commerce\u2026 Dot\u00e9es de capteurs haute d\u00e9finition, de vision nocturne et de d\u00e9tection de mouvement, elles vous permettent de garder un \u0153il sur votre espace en temps r\u00e9el, o\u00f9 que vous soyez. Gr\u00e2ce \u00e0 une application mobile intuitive, recevez des alertes instantan\u00e9es et consultez les enregistrements en quelques clics. Optez pour une s\u00e9curit\u00e9 fiable, simple et connect\u00e9e.<\/p>\n","protected":false},"excerpt":{"rendered":"<p>Prot\u00e9gez ce qui compte le plus avec nos cam\u00e9ras de surveillance int\u00e9rieure. Discr\u00e8tes, \u00e9l\u00e9gantes et faciles \u00e0 installer, elles s\u2019int\u00e8grent parfaitement \u00e0 tous les environnements : domicile, bureau, commerce\u2026 Dot\u00e9es [&hellip;]<\/p>\n","protected":false},"author":1,"featured_media":0,"parent":0,"menu_order":0,"comment_status":"closed","ping_status":"closed","template":"","meta":{"footnotes":""},"class_list":["post-36","page","type-page","status-publish","hentry","entry"],"yoast_head":"<!-- This site is optimized with the Yoast SEO plugin v25.1 - https:\/\/yoast.com\/wordpress\/plugins\/seo\/ -->\n<title>Surveillance Int\u00e9rieure - ProjetCamera<\/title>\n<meta name=\"robots\" content=\"index, follow, max-snippet:-1, max-image-preview:large, max-video-preview:-1\" \/>\n<link rel=\"canonical\" href=\"https:\/\/mmi24a01.mmi-troyes.fr\/wr211\/surveillance-interieure\/\" \/>\n<meta property=\"og:locale\" content=\"fr_FR\" \/>\n<meta property=\"og:type\" content=\"article\" \/>\n<meta property=\"og:title\" content=\"Surveillance Int\u00e9rieure - ProjetCamera\" \/>\n<meta property=\"og:description\" content=\"Prot\u00e9gez ce qui compte le plus avec nos cam\u00e9ras de surveillance int\u00e9rieure. Discr\u00e8tes, \u00e9l\u00e9gantes et faciles \u00e0 installer, elles s\u2019int\u00e8grent parfaitement \u00e0 tous les environnements : domicile, bureau, commerce\u2026 Dot\u00e9es [&hellip;]\" \/>\n<meta property=\"og:url\" content=\"https:\/\/mmi24a01.mmi-troyes.fr\/wr211\/surveillance-interieure\/\" \/>\n<meta property=\"og:site_name\" content=\"ProjetCamera\" \/>\n<meta property=\"article:modified_time\" content=\"2025-05-19T21:14:52+00:00\" \/>\n<meta property=\"og:image\" content=\"http:\/\/mmi24a01.mmi-troyes.fr\/wr211\/wp-content\/uploads\/2025\/05\/The-5-Best-Home-Security-Cameras-to-Ease-Your-Mind-and-Protect-Your-Property.jpeg\" \/>\n<meta name=\"twitter:card\" content=\"summary_large_image\" \/>\n<meta name=\"twitter:label1\" content=\"Dur\u00e9e de lecture estim\u00e9e\" \/>\n\t<meta name=\"twitter:data1\" content=\"1 minute\" \/>\n<script type=\"application\/ld+json\" class=\"yoast-schema-graph\">{\"@context\":\"https:\/\/schema.org\",\"@graph\":[{\"@type\":\"WebPage\",\"@id\":\"https:\/\/mmi24a01.mmi-troyes.fr\/wr211\/surveillance-interieure\/\",\"url\":\"https:\/\/mmi24a01.mmi-troyes.fr\/wr211\/surveillance-interieure\/\",\"name\":\"Surveillance Int\u00e9rieure - ProjetCamera\",\"isPartOf\":{\"@id\":\"https:\/\/mmi24a01.mmi-troyes.fr\/wr211\/#website\"},\"primaryImageOfPage\":{\"@id\":\"https:\/\/mmi24a01.mmi-troyes.fr\/wr211\/surveillance-interieure\/#primaryimage\"},\"image\":{\"@id\":\"https:\/\/mmi24a01.mmi-troyes.fr\/wr211\/surveillance-interieure\/#primaryimage\"},\"thumbnailUrl\":\"http:\/\/mmi24a01.mmi-troyes.fr\/wr211\/wp-content\/uploads\/2025\/05\/The-5-Best-Home-Security-Cameras-to-Ease-Your-Mind-and-Protect-Your-Property.jpeg\",\"datePublished\":\"2025-05-19T19:35:46+00:00\",\"dateModified\":\"2025-05-19T21:14:52+00:00\",\"breadcrumb\":{\"@id\":\"https:\/\/mmi24a01.mmi-troyes.fr\/wr211\/surveillance-interieure\/#breadcrumb\"},\"inLanguage\":\"fr-FR\",\"potentialAction\":[{\"@type\":\"ReadAction\",\"target\":[\"https:\/\/mmi24a01.mmi-troyes.fr\/wr211\/surveillance-interieure\/\"]}]},{\"@type\":\"ImageObject\",\"inLanguage\":\"fr-FR\",\"@id\":\"https:\/\/mmi24a01.mmi-troyes.fr\/wr211\/surveillance-interieure\/#primaryimage\",\"url\":\"https:\/\/mmi24a01.mmi-troyes.fr\/wr211\/wp-content\/uploads\/2025\/05\/The-5-Best-Home-Security-Cameras-to-Ease-Your-Mind-and-Protect-Your-Property.jpeg\",\"contentUrl\":\"https:\/\/mmi24a01.mmi-troyes.fr\/wr211\/wp-content\/uploads\/2025\/05\/The-5-Best-Home-Security-Cameras-to-Ease-Your-Mind-and-Protect-Your-Property.jpeg\",\"width\":736,\"height\":736},{\"@type\":\"BreadcrumbList\",\"@id\":\"https:\/\/mmi24a01.mmi-troyes.fr\/wr211\/surveillance-interieure\/#breadcrumb\",\"itemListElement\":[{\"@type\":\"ListItem\",\"position\":1,\"name\":\"Accueil\",\"item\":\"https:\/\/mmi24a01.mmi-troyes.fr\/wr211\/\"},{\"@type\":\"ListItem\",\"position\":2,\"name\":\"Surveillance Int\u00e9rieure\"}]},{\"@type\":\"WebSite\",\"@id\":\"https:\/\/mmi24a01.mmi-troyes.fr\/wr211\/#website\",\"url\":\"https:\/\/mmi24a01.mmi-troyes.fr\/wr211\/\",\"name\":\"ProjetCamera\",\"description\":\"\",\"potentialAction\":[{\"@type\":\"SearchAction\",\"target\":{\"@type\":\"EntryPoint\",\"urlTemplate\":\"https:\/\/mmi24a01.mmi-troyes.fr\/wr211\/?s={search_term_string}\"},\"query-input\":{\"@type\":\"PropertyValueSpecification\",\"valueRequired\":true,\"valueName\":\"search_term_string\"}}],\"inLanguage\":\"fr-FR\"}]}<\/script>\n<!-- \/ Yoast SEO plugin. -->","yoast_head_json":{"title":"Surveillance Int\u00e9rieure - ProjetCamera","robots":{"index":"index","follow":"follow","max-snippet":"max-snippet:-1","max-image-preview":"max-image-preview:large","max-video-preview":"max-video-preview:-1"},"canonical":"https:\/\/mmi24a01.mmi-troyes.fr\/wr211\/surveillance-interieure\/","og_locale":"fr_FR","og_type":"article","og_title":"Surveillance Int\u00e9rieure - ProjetCamera","og_description":"Prot\u00e9gez ce qui compte le plus avec nos cam\u00e9ras de surveillance int\u00e9rieure. Discr\u00e8tes, \u00e9l\u00e9gantes et faciles \u00e0 installer, elles s\u2019int\u00e8grent parfaitement \u00e0 tous les environnements : domicile, bureau, commerce\u2026 Dot\u00e9es [&hellip;]","og_url":"https:\/\/mmi24a01.mmi-troyes.fr\/wr211\/surveillance-interieure\/","og_site_name":"ProjetCamera","article_modified_time":"2025-05-19T21:14:52+00:00","og_image":[{"url":"http:\/\/mmi24a01.mmi-troyes.fr\/wr211\/wp-content\/uploads\/2025\/05\/The-5-Best-Home-Security-Cameras-to-Ease-Your-Mind-and-Protect-Your-Property.jpeg","type":"","width":"","height":""}],"twitter_card":"summary_large_image","twitter_misc":{"Dur\u00e9e de lecture estim\u00e9e":"1 minute"},"schema":{"@context":"https:\/\/schema.org","@graph":[{"@type":"WebPage","@id":"https:\/\/mmi24a01.mmi-troyes.fr\/wr211\/surveillance-interieure\/","url":"https:\/\/mmi24a01.mmi-troyes.fr\/wr211\/surveillance-interieure\/","name":"Surveillance Int\u00e9rieure - ProjetCamera","isPartOf":{"@id":"https:\/\/mmi24a01.mmi-troyes.fr\/wr211\/#website"},"primaryImageOfPage":{"@id":"https:\/\/mmi24a01.mmi-troyes.fr\/wr211\/surveillance-interieure\/#primaryimage"},"image":{"@id":"https:\/\/mmi24a01.mmi-troyes.fr\/wr211\/surveillance-interieure\/#primaryimage"},"thumbnailUrl":"http:\/\/mmi24a01.mmi-troyes.fr\/wr211\/wp-content\/uploads\/2025\/05\/The-5-Best-Home-Security-Cameras-to-Ease-Your-Mind-and-Protect-Your-Property.jpeg","datePublished":"2025-05-19T19:35:46+00:00","dateModified":"2025-05-19T21:14:52+00:00","breadcrumb":{"@id":"https:\/\/mmi24a01.mmi-troyes.fr\/wr211\/surveillance-interieure\/#breadcrumb"},"inLanguage":"fr-FR","potentialAction":[{"@type":"ReadAction","target":["https:\/\/mmi24a01.mmi-troyes.fr\/wr211\/surveillance-interieure\/"]}]},{"@type":"ImageObject","inLanguage":"fr-FR","@id":"https:\/\/mmi24a01.mmi-troyes.fr\/wr211\/surveillance-interieure\/#primaryimage","url":"https:\/\/mmi24a01.mmi-troyes.fr\/wr211\/wp-content\/uploads\/2025\/05\/The-5-Best-Home-Security-Cameras-to-Ease-Your-Mind-and-Protect-Your-Property.jpeg","contentUrl":"https:\/\/mmi24a01.mmi-troyes.fr\/wr211\/wp-content\/uploads\/2025\/05\/The-5-Best-Home-Security-Cameras-to-Ease-Your-Mind-and-Protect-Your-Property.jpeg","width":736,"height":736},{"@type":"BreadcrumbList","@id":"https:\/\/mmi24a01.mmi-troyes.fr\/wr211\/surveillance-interieure\/#breadcrumb","itemListElement":[{"@type":"ListItem","position":1,"name":"Accueil","item":"https:\/\/mmi24a01.mmi-troyes.fr\/wr211\/"},{"@type":"ListItem","position":2,"name":"Surveillance Int\u00e9rieure"}]},{"@type":"WebSite","@id":"https:\/\/mmi24a01.mmi-troyes.fr\/wr211\/#website","url":"https:\/\/mmi24a01.mmi-troyes.fr\/wr211\/","name":"ProjetCamera","description":"","potentialAction":[{"@type":"SearchAction","target":{"@type":"EntryPoint","urlTemplate":"https:\/\/mmi24a01.mmi-troyes.fr\/wr211\/?s={search_term_string}"},"query-input":{"@type":"PropertyValueSpecification","valueRequired":true,"valueName":"search_term_string"}}],"inLanguage":"fr-FR"}]}},"_links":{"self":[{"href":"https:\/\/mmi24a01.mmi-troyes.fr\/wr211\/wp-json\/wp\/v2\/pages\/36","targetHints":{"allow":["GET"]}}],"collection":[{"href":"https:\/\/mmi24a01.mmi-troyes.fr\/wr211\/wp-json\/wp\/v2\/pages"}],"about":[{"href":"https:\/\/mmi24a01.mmi-troyes.fr\/wr211\/wp-json\/wp\/v2\/types\/page"}],"author":[{"embeddable":true,"href":"https:\/\/mmi24a01.mmi-troyes.fr\/wr211\/wp-json\/wp\/v2\/users\/1"}],"replies":[{"embeddable":true,"href":"https:\/\/mmi24a01.mmi-troyes.fr\/wr211\/wp-json\/wp\/v2\/comments?post=36"}],"version-history":[{"count":2,"href":"https:\/\/mmi24a01.mmi-troyes.fr\/wr211\/wp-json\/wp\/v2\/pages\/36\/revisions"}],"predecessor-version":[{"id":81,"href":"https:\/\/mmi24a01.mmi-troyes.fr\/wr211\/wp-json\/wp\/v2\/pages\/36\/revisions\/81"}],"wp:attachment":[{"href":"https:\/\/mmi24a01.mmi-troyes.fr\/wr211\/wp-json\/wp\/v2\/media?parent=36"}],"curies":[{"name":"wp","href":"https:\/\/api.w.org\/{rel}","templated":true}]}}