{"id":25,"date":"2025-05-19T21:28:18","date_gmt":"2025-05-19T19:28:18","guid":{"rendered":"http:\/\/mmi24a01.mmi-troyes.fr\/wr211\/?page_id=25"},"modified":"2025-05-19T23:32:04","modified_gmt":"2025-05-19T21:32:04","slug":"surveillance-exterieure","status":"publish","type":"page","link":"https:\/\/mmi24a01.mmi-troyes.fr\/wr211\/surveillance-exterieure\/","title":{"rendered":"Surveillance Ext\u00e9rieure"},"content":{"rendered":"\n<figure class=\"wp-block-image size-full\"><img loading=\"lazy\" decoding=\"async\" width=\"736\" height=\"572\" src=\"http:\/\/mmi24a01.mmi-troyes.fr\/wr211\/wp-content\/uploads\/2025\/05\/security-cameras-in-Hardeeville-and-Beaufort-SC.jpeg\" alt=\"\" class=\"wp-image-82\" srcset=\"https:\/\/mmi24a01.mmi-troyes.fr\/wr211\/wp-content\/uploads\/2025\/05\/security-cameras-in-Hardeeville-and-Beaufort-SC.jpeg 736w, https:\/\/mmi24a01.mmi-troyes.fr\/wr211\/wp-content\/uploads\/2025\/05\/security-cameras-in-Hardeeville-and-Beaufort-SC-300x233.jpeg 300w\" sizes=\"auto, (max-width: 736px) 100vw, 736px\" \/><\/figure>\n\n\n\n<p>Nos cam\u00e9ras de surveillance ext\u00e9rieure sont con\u00e7ues pour r\u00e9sister aux intemp\u00e9ries et garantir une s\u00e9curit\u00e9 optimale jour et nuit. Robustes, \u00e9tanches et dot\u00e9es de capteurs haute r\u00e9solution, elles assurent une surveillance efficace de vos entr\u00e9es, jardins, parkings ou entrep\u00f4ts. Avec la vision nocturne infrarouge, la d\u00e9tection de mouvement et l\u2019enregistrement intelligent, vous \u00eates alert\u00e9 en temps r\u00e9el en cas d\u2019activit\u00e9 suspecte. Prot\u00e9gez vos biens et dissuadez les intrusions gr\u00e2ce \u00e0 des \u00e9quipements fiables, connect\u00e9s et faciles \u00e0 utiliser.<\/p>\n","protected":false},"excerpt":{"rendered":"<p>Nos cam\u00e9ras de surveillance ext\u00e9rieure sont con\u00e7ues pour r\u00e9sister aux intemp\u00e9ries et garantir une s\u00e9curit\u00e9 optimale jour et nuit. Robustes, \u00e9tanches et dot\u00e9es de capteurs haute r\u00e9solution, elles assurent une [&hellip;]<\/p>\n","protected":false},"author":1,"featured_media":0,"parent":0,"menu_order":0,"comment_status":"closed","ping_status":"closed","template":"","meta":{"footnotes":""},"class_list":["post-25","page","type-page","status-publish","hentry","entry"],"yoast_head":"<!-- This site is optimized with the Yoast SEO plugin v25.1 - https:\/\/yoast.com\/wordpress\/plugins\/seo\/ -->\n<title>Surveillance Ext\u00e9rieure - ProjetCamera<\/title>\n<meta name=\"robots\" content=\"index, follow, max-snippet:-1, max-image-preview:large, max-video-preview:-1\" \/>\n<link rel=\"canonical\" href=\"https:\/\/mmi24a01.mmi-troyes.fr\/wr211\/surveillance-exterieure\/\" \/>\n<meta property=\"og:locale\" content=\"fr_FR\" \/>\n<meta property=\"og:type\" content=\"article\" \/>\n<meta property=\"og:title\" content=\"Surveillance Ext\u00e9rieure - ProjetCamera\" \/>\n<meta property=\"og:description\" content=\"Nos cam\u00e9ras de surveillance ext\u00e9rieure sont con\u00e7ues pour r\u00e9sister aux intemp\u00e9ries et garantir une s\u00e9curit\u00e9 optimale jour et nuit. Robustes, \u00e9tanches et dot\u00e9es de capteurs haute r\u00e9solution, elles assurent une [&hellip;]\" \/>\n<meta property=\"og:url\" content=\"https:\/\/mmi24a01.mmi-troyes.fr\/wr211\/surveillance-exterieure\/\" \/>\n<meta property=\"og:site_name\" content=\"ProjetCamera\" \/>\n<meta property=\"article:modified_time\" content=\"2025-05-19T21:32:04+00:00\" \/>\n<meta property=\"og:image\" content=\"http:\/\/mmi24a01.mmi-troyes.fr\/wr211\/wp-content\/uploads\/2025\/05\/security-cameras-in-Hardeeville-and-Beaufort-SC.jpeg\" \/>\n<meta name=\"twitter:card\" content=\"summary_large_image\" \/>\n<meta name=\"twitter:label1\" content=\"Dur\u00e9e de lecture estim\u00e9e\" \/>\n\t<meta name=\"twitter:data1\" content=\"1 minute\" \/>\n<script type=\"application\/ld+json\" class=\"yoast-schema-graph\">{\"@context\":\"https:\/\/schema.org\",\"@graph\":[{\"@type\":\"WebPage\",\"@id\":\"https:\/\/mmi24a01.mmi-troyes.fr\/wr211\/surveillance-exterieure\/\",\"url\":\"https:\/\/mmi24a01.mmi-troyes.fr\/wr211\/surveillance-exterieure\/\",\"name\":\"Surveillance Ext\u00e9rieure - ProjetCamera\",\"isPartOf\":{\"@id\":\"https:\/\/mmi24a01.mmi-troyes.fr\/wr211\/#website\"},\"primaryImageOfPage\":{\"@id\":\"https:\/\/mmi24a01.mmi-troyes.fr\/wr211\/surveillance-exterieure\/#primaryimage\"},\"image\":{\"@id\":\"https:\/\/mmi24a01.mmi-troyes.fr\/wr211\/surveillance-exterieure\/#primaryimage\"},\"thumbnailUrl\":\"http:\/\/mmi24a01.mmi-troyes.fr\/wr211\/wp-content\/uploads\/2025\/05\/security-cameras-in-Hardeeville-and-Beaufort-SC.jpeg\",\"datePublished\":\"2025-05-19T19:28:18+00:00\",\"dateModified\":\"2025-05-19T21:32:04+00:00\",\"breadcrumb\":{\"@id\":\"https:\/\/mmi24a01.mmi-troyes.fr\/wr211\/surveillance-exterieure\/#breadcrumb\"},\"inLanguage\":\"fr-FR\",\"potentialAction\":[{\"@type\":\"ReadAction\",\"target\":[\"https:\/\/mmi24a01.mmi-troyes.fr\/wr211\/surveillance-exterieure\/\"]}]},{\"@type\":\"ImageObject\",\"inLanguage\":\"fr-FR\",\"@id\":\"https:\/\/mmi24a01.mmi-troyes.fr\/wr211\/surveillance-exterieure\/#primaryimage\",\"url\":\"https:\/\/mmi24a01.mmi-troyes.fr\/wr211\/wp-content\/uploads\/2025\/05\/security-cameras-in-Hardeeville-and-Beaufort-SC.jpeg\",\"contentUrl\":\"https:\/\/mmi24a01.mmi-troyes.fr\/wr211\/wp-content\/uploads\/2025\/05\/security-cameras-in-Hardeeville-and-Beaufort-SC.jpeg\",\"width\":736,\"height\":572},{\"@type\":\"BreadcrumbList\",\"@id\":\"https:\/\/mmi24a01.mmi-troyes.fr\/wr211\/surveillance-exterieure\/#breadcrumb\",\"itemListElement\":[{\"@type\":\"ListItem\",\"position\":1,\"name\":\"Accueil\",\"item\":\"https:\/\/mmi24a01.mmi-troyes.fr\/wr211\/\"},{\"@type\":\"ListItem\",\"position\":2,\"name\":\"Surveillance Ext\u00e9rieure\"}]},{\"@type\":\"WebSite\",\"@id\":\"https:\/\/mmi24a01.mmi-troyes.fr\/wr211\/#website\",\"url\":\"https:\/\/mmi24a01.mmi-troyes.fr\/wr211\/\",\"name\":\"ProjetCamera\",\"description\":\"\",\"potentialAction\":[{\"@type\":\"SearchAction\",\"target\":{\"@type\":\"EntryPoint\",\"urlTemplate\":\"https:\/\/mmi24a01.mmi-troyes.fr\/wr211\/?s={search_term_string}\"},\"query-input\":{\"@type\":\"PropertyValueSpecification\",\"valueRequired\":true,\"valueName\":\"search_term_string\"}}],\"inLanguage\":\"fr-FR\"}]}<\/script>\n<!-- \/ Yoast SEO plugin. -->","yoast_head_json":{"title":"Surveillance Ext\u00e9rieure - ProjetCamera","robots":{"index":"index","follow":"follow","max-snippet":"max-snippet:-1","max-image-preview":"max-image-preview:large","max-video-preview":"max-video-preview:-1"},"canonical":"https:\/\/mmi24a01.mmi-troyes.fr\/wr211\/surveillance-exterieure\/","og_locale":"fr_FR","og_type":"article","og_title":"Surveillance Ext\u00e9rieure - ProjetCamera","og_description":"Nos cam\u00e9ras de surveillance ext\u00e9rieure sont con\u00e7ues pour r\u00e9sister aux intemp\u00e9ries et garantir une s\u00e9curit\u00e9 optimale jour et nuit. Robustes, \u00e9tanches et dot\u00e9es de capteurs haute r\u00e9solution, elles assurent une [&hellip;]","og_url":"https:\/\/mmi24a01.mmi-troyes.fr\/wr211\/surveillance-exterieure\/","og_site_name":"ProjetCamera","article_modified_time":"2025-05-19T21:32:04+00:00","og_image":[{"url":"http:\/\/mmi24a01.mmi-troyes.fr\/wr211\/wp-content\/uploads\/2025\/05\/security-cameras-in-Hardeeville-and-Beaufort-SC.jpeg","type":"","width":"","height":""}],"twitter_card":"summary_large_image","twitter_misc":{"Dur\u00e9e de lecture estim\u00e9e":"1 minute"},"schema":{"@context":"https:\/\/schema.org","@graph":[{"@type":"WebPage","@id":"https:\/\/mmi24a01.mmi-troyes.fr\/wr211\/surveillance-exterieure\/","url":"https:\/\/mmi24a01.mmi-troyes.fr\/wr211\/surveillance-exterieure\/","name":"Surveillance Ext\u00e9rieure - ProjetCamera","isPartOf":{"@id":"https:\/\/mmi24a01.mmi-troyes.fr\/wr211\/#website"},"primaryImageOfPage":{"@id":"https:\/\/mmi24a01.mmi-troyes.fr\/wr211\/surveillance-exterieure\/#primaryimage"},"image":{"@id":"https:\/\/mmi24a01.mmi-troyes.fr\/wr211\/surveillance-exterieure\/#primaryimage"},"thumbnailUrl":"http:\/\/mmi24a01.mmi-troyes.fr\/wr211\/wp-content\/uploads\/2025\/05\/security-cameras-in-Hardeeville-and-Beaufort-SC.jpeg","datePublished":"2025-05-19T19:28:18+00:00","dateModified":"2025-05-19T21:32:04+00:00","breadcrumb":{"@id":"https:\/\/mmi24a01.mmi-troyes.fr\/wr211\/surveillance-exterieure\/#breadcrumb"},"inLanguage":"fr-FR","potentialAction":[{"@type":"ReadAction","target":["https:\/\/mmi24a01.mmi-troyes.fr\/wr211\/surveillance-exterieure\/"]}]},{"@type":"ImageObject","inLanguage":"fr-FR","@id":"https:\/\/mmi24a01.mmi-troyes.fr\/wr211\/surveillance-exterieure\/#primaryimage","url":"https:\/\/mmi24a01.mmi-troyes.fr\/wr211\/wp-content\/uploads\/2025\/05\/security-cameras-in-Hardeeville-and-Beaufort-SC.jpeg","contentUrl":"https:\/\/mmi24a01.mmi-troyes.fr\/wr211\/wp-content\/uploads\/2025\/05\/security-cameras-in-Hardeeville-and-Beaufort-SC.jpeg","width":736,"height":572},{"@type":"BreadcrumbList","@id":"https:\/\/mmi24a01.mmi-troyes.fr\/wr211\/surveillance-exterieure\/#breadcrumb","itemListElement":[{"@type":"ListItem","position":1,"name":"Accueil","item":"https:\/\/mmi24a01.mmi-troyes.fr\/wr211\/"},{"@type":"ListItem","position":2,"name":"Surveillance Ext\u00e9rieure"}]},{"@type":"WebSite","@id":"https:\/\/mmi24a01.mmi-troyes.fr\/wr211\/#website","url":"https:\/\/mmi24a01.mmi-troyes.fr\/wr211\/","name":"ProjetCamera","description":"","potentialAction":[{"@type":"SearchAction","target":{"@type":"EntryPoint","urlTemplate":"https:\/\/mmi24a01.mmi-troyes.fr\/wr211\/?s={search_term_string}"},"query-input":{"@type":"PropertyValueSpecification","valueRequired":true,"valueName":"search_term_string"}}],"inLanguage":"fr-FR"}]}},"_links":{"self":[{"href":"https:\/\/mmi24a01.mmi-troyes.fr\/wr211\/wp-json\/wp\/v2\/pages\/25","targetHints":{"allow":["GET"]}}],"collection":[{"href":"https:\/\/mmi24a01.mmi-troyes.fr\/wr211\/wp-json\/wp\/v2\/pages"}],"about":[{"href":"https:\/\/mmi24a01.mmi-troyes.fr\/wr211\/wp-json\/wp\/v2\/types\/page"}],"author":[{"embeddable":true,"href":"https:\/\/mmi24a01.mmi-troyes.fr\/wr211\/wp-json\/wp\/v2\/users\/1"}],"replies":[{"embeddable":true,"href":"https:\/\/mmi24a01.mmi-troyes.fr\/wr211\/wp-json\/wp\/v2\/comments?post=25"}],"version-history":[{"count":2,"href":"https:\/\/mmi24a01.mmi-troyes.fr\/wr211\/wp-json\/wp\/v2\/pages\/25\/revisions"}],"predecessor-version":[{"id":83,"href":"https:\/\/mmi24a01.mmi-troyes.fr\/wr211\/wp-json\/wp\/v2\/pages\/25\/revisions\/83"}],"wp:attachment":[{"href":"https:\/\/mmi24a01.mmi-troyes.fr\/wr211\/wp-json\/wp\/v2\/media?parent=25"}],"curies":[{"name":"wp","href":"https:\/\/api.w.org\/{rel}","templated":true}]}}