{"id":21,"date":"2025-05-19T21:27:59","date_gmt":"2025-05-19T19:27:59","guid":{"rendered":"http:\/\/mmi24a01.mmi-troyes.fr\/wr211\/?page_id=21"},"modified":"2025-05-19T23:11:26","modified_gmt":"2025-05-19T21:11:26","slug":"photographie-professionnelle","status":"publish","type":"page","link":"https:\/\/mmi24a01.mmi-troyes.fr\/wr211\/photographie-professionnelle\/","title":{"rendered":"Photographie professionnelle"},"content":{"rendered":"\n<figure class=\"wp-block-image size-full\"><img loading=\"lazy\" decoding=\"async\" width=\"352\" height=\"264\" src=\"http:\/\/mmi24a01.mmi-troyes.fr\/wr211\/wp-content\/uploads\/2025\/05\/Sony-HXR-MC2500-HXR-MC2500E-HXR-MC2500P-AVCHD-Camcorder-PAL.jpeg\" alt=\"\" class=\"wp-image-77\" srcset=\"https:\/\/mmi24a01.mmi-troyes.fr\/wr211\/wp-content\/uploads\/2025\/05\/Sony-HXR-MC2500-HXR-MC2500E-HXR-MC2500P-AVCHD-Camcorder-PAL.jpeg 352w, https:\/\/mmi24a01.mmi-troyes.fr\/wr211\/wp-content\/uploads\/2025\/05\/Sony-HXR-MC2500-HXR-MC2500E-HXR-MC2500P-AVCHD-Camcorder-PAL-300x225.jpeg 300w\" sizes=\"auto, (max-width: 352px) 100vw, 352px\" \/><\/figure>\n\n\n\n<p>Pens\u00e9es pour les professionnels exigeants, nos cam\u00e9ras haut de gamme offrent une qualit\u00e9 d\u2019image exceptionnelle, m\u00eame dans les conditions les plus complexes. Capteurs haute r\u00e9solution, profondeur de champ ma\u00eetris\u00e9e, formats d\u2019enregistrement avanc\u00e9s, connectiques compl\u00e8tes\u2026 chaque d\u00e9tail a \u00e9t\u00e9 con\u00e7u pour r\u00e9pondre aux standards du cin\u00e9ma, de la t\u00e9l\u00e9vision, du reportage ou de la captation en direct. Que vous soyez r\u00e9alisateur, cadreur ou technicien audiovisuel, d\u00e9couvrez des outils fiables, robustes et performants pour vos productions les plus ambitieuses.<\/p>\n\n\n\n<p><\/p>\n","protected":false},"excerpt":{"rendered":"<p>Pens\u00e9es pour les professionnels exigeants, nos cam\u00e9ras haut de gamme offrent une qualit\u00e9 d\u2019image exceptionnelle, m\u00eame dans les conditions les plus complexes. Capteurs haute r\u00e9solution, profondeur de champ ma\u00eetris\u00e9e, formats [&hellip;]<\/p>\n","protected":false},"author":1,"featured_media":0,"parent":0,"menu_order":0,"comment_status":"closed","ping_status":"closed","template":"","meta":{"footnotes":""},"class_list":["post-21","page","type-page","status-publish","hentry","entry"],"yoast_head":"<!-- This site is optimized with the Yoast SEO plugin v25.1 - https:\/\/yoast.com\/wordpress\/plugins\/seo\/ -->\n<title>Photographie professionnelle - ProjetCamera<\/title>\n<meta name=\"robots\" content=\"index, follow, max-snippet:-1, max-image-preview:large, max-video-preview:-1\" \/>\n<link rel=\"canonical\" href=\"https:\/\/mmi24a01.mmi-troyes.fr\/wr211\/photographie-professionnelle\/\" \/>\n<meta property=\"og:locale\" content=\"fr_FR\" \/>\n<meta property=\"og:type\" content=\"article\" \/>\n<meta property=\"og:title\" content=\"Photographie professionnelle - ProjetCamera\" \/>\n<meta property=\"og:description\" content=\"Pens\u00e9es pour les professionnels exigeants, nos cam\u00e9ras haut de gamme offrent une qualit\u00e9 d\u2019image exceptionnelle, m\u00eame dans les conditions les plus complexes. Capteurs haute r\u00e9solution, profondeur de champ ma\u00eetris\u00e9e, formats [&hellip;]\" \/>\n<meta property=\"og:url\" content=\"https:\/\/mmi24a01.mmi-troyes.fr\/wr211\/photographie-professionnelle\/\" \/>\n<meta property=\"og:site_name\" content=\"ProjetCamera\" \/>\n<meta property=\"article:modified_time\" content=\"2025-05-19T21:11:26+00:00\" \/>\n<meta property=\"og:image\" content=\"http:\/\/mmi24a01.mmi-troyes.fr\/wr211\/wp-content\/uploads\/2025\/05\/Sony-HXR-MC2500-HXR-MC2500E-HXR-MC2500P-AVCHD-Camcorder-PAL.jpeg\" \/>\n<meta name=\"twitter:card\" content=\"summary_large_image\" \/>\n<meta name=\"twitter:label1\" content=\"Dur\u00e9e de lecture estim\u00e9e\" \/>\n\t<meta name=\"twitter:data1\" content=\"1 minute\" \/>\n<script type=\"application\/ld+json\" class=\"yoast-schema-graph\">{\"@context\":\"https:\/\/schema.org\",\"@graph\":[{\"@type\":\"WebPage\",\"@id\":\"https:\/\/mmi24a01.mmi-troyes.fr\/wr211\/photographie-professionnelle\/\",\"url\":\"https:\/\/mmi24a01.mmi-troyes.fr\/wr211\/photographie-professionnelle\/\",\"name\":\"Photographie professionnelle - ProjetCamera\",\"isPartOf\":{\"@id\":\"https:\/\/mmi24a01.mmi-troyes.fr\/wr211\/#website\"},\"primaryImageOfPage\":{\"@id\":\"https:\/\/mmi24a01.mmi-troyes.fr\/wr211\/photographie-professionnelle\/#primaryimage\"},\"image\":{\"@id\":\"https:\/\/mmi24a01.mmi-troyes.fr\/wr211\/photographie-professionnelle\/#primaryimage\"},\"thumbnailUrl\":\"http:\/\/mmi24a01.mmi-troyes.fr\/wr211\/wp-content\/uploads\/2025\/05\/Sony-HXR-MC2500-HXR-MC2500E-HXR-MC2500P-AVCHD-Camcorder-PAL.jpeg\",\"datePublished\":\"2025-05-19T19:27:59+00:00\",\"dateModified\":\"2025-05-19T21:11:26+00:00\",\"breadcrumb\":{\"@id\":\"https:\/\/mmi24a01.mmi-troyes.fr\/wr211\/photographie-professionnelle\/#breadcrumb\"},\"inLanguage\":\"fr-FR\",\"potentialAction\":[{\"@type\":\"ReadAction\",\"target\":[\"https:\/\/mmi24a01.mmi-troyes.fr\/wr211\/photographie-professionnelle\/\"]}]},{\"@type\":\"ImageObject\",\"inLanguage\":\"fr-FR\",\"@id\":\"https:\/\/mmi24a01.mmi-troyes.fr\/wr211\/photographie-professionnelle\/#primaryimage\",\"url\":\"https:\/\/mmi24a01.mmi-troyes.fr\/wr211\/wp-content\/uploads\/2025\/05\/Sony-HXR-MC2500-HXR-MC2500E-HXR-MC2500P-AVCHD-Camcorder-PAL.jpeg\",\"contentUrl\":\"https:\/\/mmi24a01.mmi-troyes.fr\/wr211\/wp-content\/uploads\/2025\/05\/Sony-HXR-MC2500-HXR-MC2500E-HXR-MC2500P-AVCHD-Camcorder-PAL.jpeg\",\"width\":352,\"height\":264},{\"@type\":\"BreadcrumbList\",\"@id\":\"https:\/\/mmi24a01.mmi-troyes.fr\/wr211\/photographie-professionnelle\/#breadcrumb\",\"itemListElement\":[{\"@type\":\"ListItem\",\"position\":1,\"name\":\"Accueil\",\"item\":\"https:\/\/mmi24a01.mmi-troyes.fr\/wr211\/\"},{\"@type\":\"ListItem\",\"position\":2,\"name\":\"Photographie professionnelle\"}]},{\"@type\":\"WebSite\",\"@id\":\"https:\/\/mmi24a01.mmi-troyes.fr\/wr211\/#website\",\"url\":\"https:\/\/mmi24a01.mmi-troyes.fr\/wr211\/\",\"name\":\"ProjetCamera\",\"description\":\"\",\"potentialAction\":[{\"@type\":\"SearchAction\",\"target\":{\"@type\":\"EntryPoint\",\"urlTemplate\":\"https:\/\/mmi24a01.mmi-troyes.fr\/wr211\/?s={search_term_string}\"},\"query-input\":{\"@type\":\"PropertyValueSpecification\",\"valueRequired\":true,\"valueName\":\"search_term_string\"}}],\"inLanguage\":\"fr-FR\"}]}<\/script>\n<!-- \/ Yoast SEO plugin. -->","yoast_head_json":{"title":"Photographie professionnelle - ProjetCamera","robots":{"index":"index","follow":"follow","max-snippet":"max-snippet:-1","max-image-preview":"max-image-preview:large","max-video-preview":"max-video-preview:-1"},"canonical":"https:\/\/mmi24a01.mmi-troyes.fr\/wr211\/photographie-professionnelle\/","og_locale":"fr_FR","og_type":"article","og_title":"Photographie professionnelle - ProjetCamera","og_description":"Pens\u00e9es pour les professionnels exigeants, nos cam\u00e9ras haut de gamme offrent une qualit\u00e9 d\u2019image exceptionnelle, m\u00eame dans les conditions les plus complexes. Capteurs haute r\u00e9solution, profondeur de champ ma\u00eetris\u00e9e, formats [&hellip;]","og_url":"https:\/\/mmi24a01.mmi-troyes.fr\/wr211\/photographie-professionnelle\/","og_site_name":"ProjetCamera","article_modified_time":"2025-05-19T21:11:26+00:00","og_image":[{"url":"http:\/\/mmi24a01.mmi-troyes.fr\/wr211\/wp-content\/uploads\/2025\/05\/Sony-HXR-MC2500-HXR-MC2500E-HXR-MC2500P-AVCHD-Camcorder-PAL.jpeg","type":"","width":"","height":""}],"twitter_card":"summary_large_image","twitter_misc":{"Dur\u00e9e de lecture estim\u00e9e":"1 minute"},"schema":{"@context":"https:\/\/schema.org","@graph":[{"@type":"WebPage","@id":"https:\/\/mmi24a01.mmi-troyes.fr\/wr211\/photographie-professionnelle\/","url":"https:\/\/mmi24a01.mmi-troyes.fr\/wr211\/photographie-professionnelle\/","name":"Photographie professionnelle - ProjetCamera","isPartOf":{"@id":"https:\/\/mmi24a01.mmi-troyes.fr\/wr211\/#website"},"primaryImageOfPage":{"@id":"https:\/\/mmi24a01.mmi-troyes.fr\/wr211\/photographie-professionnelle\/#primaryimage"},"image":{"@id":"https:\/\/mmi24a01.mmi-troyes.fr\/wr211\/photographie-professionnelle\/#primaryimage"},"thumbnailUrl":"http:\/\/mmi24a01.mmi-troyes.fr\/wr211\/wp-content\/uploads\/2025\/05\/Sony-HXR-MC2500-HXR-MC2500E-HXR-MC2500P-AVCHD-Camcorder-PAL.jpeg","datePublished":"2025-05-19T19:27:59+00:00","dateModified":"2025-05-19T21:11:26+00:00","breadcrumb":{"@id":"https:\/\/mmi24a01.mmi-troyes.fr\/wr211\/photographie-professionnelle\/#breadcrumb"},"inLanguage":"fr-FR","potentialAction":[{"@type":"ReadAction","target":["https:\/\/mmi24a01.mmi-troyes.fr\/wr211\/photographie-professionnelle\/"]}]},{"@type":"ImageObject","inLanguage":"fr-FR","@id":"https:\/\/mmi24a01.mmi-troyes.fr\/wr211\/photographie-professionnelle\/#primaryimage","url":"https:\/\/mmi24a01.mmi-troyes.fr\/wr211\/wp-content\/uploads\/2025\/05\/Sony-HXR-MC2500-HXR-MC2500E-HXR-MC2500P-AVCHD-Camcorder-PAL.jpeg","contentUrl":"https:\/\/mmi24a01.mmi-troyes.fr\/wr211\/wp-content\/uploads\/2025\/05\/Sony-HXR-MC2500-HXR-MC2500E-HXR-MC2500P-AVCHD-Camcorder-PAL.jpeg","width":352,"height":264},{"@type":"BreadcrumbList","@id":"https:\/\/mmi24a01.mmi-troyes.fr\/wr211\/photographie-professionnelle\/#breadcrumb","itemListElement":[{"@type":"ListItem","position":1,"name":"Accueil","item":"https:\/\/mmi24a01.mmi-troyes.fr\/wr211\/"},{"@type":"ListItem","position":2,"name":"Photographie professionnelle"}]},{"@type":"WebSite","@id":"https:\/\/mmi24a01.mmi-troyes.fr\/wr211\/#website","url":"https:\/\/mmi24a01.mmi-troyes.fr\/wr211\/","name":"ProjetCamera","description":"","potentialAction":[{"@type":"SearchAction","target":{"@type":"EntryPoint","urlTemplate":"https:\/\/mmi24a01.mmi-troyes.fr\/wr211\/?s={search_term_string}"},"query-input":{"@type":"PropertyValueSpecification","valueRequired":true,"valueName":"search_term_string"}}],"inLanguage":"fr-FR"}]}},"_links":{"self":[{"href":"https:\/\/mmi24a01.mmi-troyes.fr\/wr211\/wp-json\/wp\/v2\/pages\/21","targetHints":{"allow":["GET"]}}],"collection":[{"href":"https:\/\/mmi24a01.mmi-troyes.fr\/wr211\/wp-json\/wp\/v2\/pages"}],"about":[{"href":"https:\/\/mmi24a01.mmi-troyes.fr\/wr211\/wp-json\/wp\/v2\/types\/page"}],"author":[{"embeddable":true,"href":"https:\/\/mmi24a01.mmi-troyes.fr\/wr211\/wp-json\/wp\/v2\/users\/1"}],"replies":[{"embeddable":true,"href":"https:\/\/mmi24a01.mmi-troyes.fr\/wr211\/wp-json\/wp\/v2\/comments?post=21"}],"version-history":[{"count":2,"href":"https:\/\/mmi24a01.mmi-troyes.fr\/wr211\/wp-json\/wp\/v2\/pages\/21\/revisions"}],"predecessor-version":[{"id":78,"href":"https:\/\/mmi24a01.mmi-troyes.fr\/wr211\/wp-json\/wp\/v2\/pages\/21\/revisions\/78"}],"wp:attachment":[{"href":"https:\/\/mmi24a01.mmi-troyes.fr\/wr211\/wp-json\/wp\/v2\/media?parent=21"}],"curies":[{"name":"wp","href":"https:\/\/api.w.org\/{rel}","templated":true}]}}