{"id":2,"date":"2025-05-12T11:25:27","date_gmt":"2025-05-12T09:25:27","guid":{"rendered":"http:\/\/mmi24a01.mmi-troyes.fr\/wr211\/?page_id=2"},"modified":"2025-05-19T23:38:48","modified_gmt":"2025-05-19T21:38:48","slug":"page-d-exemple","status":"publish","type":"page","link":"https:\/\/mmi24a01.mmi-troyes.fr\/wr211\/page-d-exemple\/","title":{"rendered":"Cam\u00e9ra de sport"},"content":{"rendered":"\n<figure class=\"wp-block-image size-full\"><img loading=\"lazy\" decoding=\"async\" width=\"736\" height=\"736\" src=\"http:\/\/mmi24a01.mmi-troyes.fr\/wr211\/wp-content\/uploads\/2025\/05\/GOOKAM-4K-60FPS-Camera-Sport-Action-Camera-EIS-40M-Etanche-Camera-Sportive-Ultra-HD-avec-2-Batteries-1350mAh-170-\u00b0-Grand-Angle-2_4G-Telecommande-et-Kit-dAccessoires\u2026.jpeg\" alt=\"\" class=\"wp-image-84\" srcset=\"https:\/\/mmi24a01.mmi-troyes.fr\/wr211\/wp-content\/uploads\/2025\/05\/GOOKAM-4K-60FPS-Camera-Sport-Action-Camera-EIS-40M-Etanche-Camera-Sportive-Ultra-HD-avec-2-Batteries-1350mAh-170-\u00b0-Grand-Angle-2_4G-Telecommande-et-Kit-dAccessoires\u2026.jpeg 736w, https:\/\/mmi24a01.mmi-troyes.fr\/wr211\/wp-content\/uploads\/2025\/05\/GOOKAM-4K-60FPS-Camera-Sport-Action-Camera-EIS-40M-Etanche-Camera-Sportive-Ultra-HD-avec-2-Batteries-1350mAh-170-\u00b0-Grand-Angle-2_4G-Telecommande-et-Kit-dAccessoires\u2026-300x300.jpeg 300w, https:\/\/mmi24a01.mmi-troyes.fr\/wr211\/wp-content\/uploads\/2025\/05\/GOOKAM-4K-60FPS-Camera-Sport-Action-Camera-EIS-40M-Etanche-Camera-Sportive-Ultra-HD-avec-2-Batteries-1350mAh-170-\u00b0-Grand-Angle-2_4G-Telecommande-et-Kit-dAccessoires\u2026-150x150.jpeg 150w, https:\/\/mmi24a01.mmi-troyes.fr\/wr211\/wp-content\/uploads\/2025\/05\/GOOKAM-4K-60FPS-Camera-Sport-Action-Camera-EIS-40M-Etanche-Camera-Sportive-Ultra-HD-avec-2-Batteries-1350mAh-170-\u00b0-Grand-Angle-2_4G-Telecommande-et-Kit-dAccessoires\u2026-600x600.jpeg 600w\" sizes=\"auto, (max-width: 736px) 100vw, 736px\" \/><figcaption class=\"wp-element-caption\">Version 1.0.0<\/figcaption><\/figure>\n\n\n\n<p>Con\u00e7ues pour les aventuriers, les passionn\u00e9s de vitesse et les amateurs de sensations fortes, nos cam\u00e9ras de sport vous suivent partout. Compactes, r\u00e9sistantes aux chocs et \u00e9tanches, elles s\u2019adaptent \u00e0 tous les terrains : montagne, mer, route ou for\u00eat. Profitez d\u2019une qualit\u00e9 vid\u00e9o exceptionnelle, m\u00eame en mouvement, avec des options comme la 4K, le ralenti, la stabilisation avanc\u00e9e ou encore le grand angle. Fixez-la sur votre casque, votre v\u00e9lo ou votre planche et revivez chaque instant comme si vous y \u00e9tiez !<\/p>\n","protected":false},"excerpt":{"rendered":"<p>Con\u00e7ues pour les aventuriers, les passionn\u00e9s de vitesse et les amateurs de sensations fortes, nos cam\u00e9ras de sport vous suivent partout. Compactes, r\u00e9sistantes aux chocs et \u00e9tanches, elles s\u2019adaptent \u00e0 [&hellip;]<\/p>\n","protected":false},"author":1,"featured_media":0,"parent":0,"menu_order":0,"comment_status":"closed","ping_status":"open","template":"","meta":{"footnotes":""},"class_list":["post-2","page","type-page","status-publish","hentry","entry"],"yoast_head":"<!-- This site is optimized with the Yoast SEO plugin v25.1 - https:\/\/yoast.com\/wordpress\/plugins\/seo\/ -->\n<title>Cam\u00e9ra de sport - ProjetCamera<\/title>\n<meta name=\"robots\" content=\"index, follow, max-snippet:-1, max-image-preview:large, max-video-preview:-1\" \/>\n<link rel=\"canonical\" href=\"https:\/\/mmi24a01.mmi-troyes.fr\/wr211\/page-d-exemple\/\" \/>\n<meta property=\"og:locale\" content=\"fr_FR\" \/>\n<meta property=\"og:type\" content=\"article\" \/>\n<meta property=\"og:title\" content=\"Cam\u00e9ra de sport - ProjetCamera\" \/>\n<meta property=\"og:description\" content=\"Con\u00e7ues pour les aventuriers, les passionn\u00e9s de vitesse et les amateurs de sensations fortes, nos cam\u00e9ras de sport vous suivent partout. Compactes, r\u00e9sistantes aux chocs et \u00e9tanches, elles s\u2019adaptent \u00e0 [&hellip;]\" \/>\n<meta property=\"og:url\" content=\"https:\/\/mmi24a01.mmi-troyes.fr\/wr211\/page-d-exemple\/\" \/>\n<meta property=\"og:site_name\" content=\"ProjetCamera\" \/>\n<meta property=\"article:modified_time\" content=\"2025-05-19T21:38:48+00:00\" \/>\n<meta name=\"twitter:card\" content=\"summary_large_image\" \/>\n<meta name=\"twitter:label1\" content=\"Dur\u00e9e de lecture estim\u00e9e\" \/>\n\t<meta name=\"twitter:data1\" content=\"1 minute\" \/>\n<script type=\"application\/ld+json\" class=\"yoast-schema-graph\">{\"@context\":\"https:\/\/schema.org\",\"@graph\":[{\"@type\":\"WebPage\",\"@id\":\"https:\/\/mmi24a01.mmi-troyes.fr\/wr211\/page-d-exemple\/\",\"url\":\"https:\/\/mmi24a01.mmi-troyes.fr\/wr211\/page-d-exemple\/\",\"name\":\"Cam\u00e9ra de sport - ProjetCamera\",\"isPartOf\":{\"@id\":\"https:\/\/mmi24a01.mmi-troyes.fr\/wr211\/#website\"},\"datePublished\":\"2025-05-12T09:25:27+00:00\",\"dateModified\":\"2025-05-19T21:38:48+00:00\",\"breadcrumb\":{\"@id\":\"https:\/\/mmi24a01.mmi-troyes.fr\/wr211\/page-d-exemple\/#breadcrumb\"},\"inLanguage\":\"fr-FR\",\"potentialAction\":[{\"@type\":\"ReadAction\",\"target\":[\"https:\/\/mmi24a01.mmi-troyes.fr\/wr211\/page-d-exemple\/\"]}]},{\"@type\":\"BreadcrumbList\",\"@id\":\"https:\/\/mmi24a01.mmi-troyes.fr\/wr211\/page-d-exemple\/#breadcrumb\",\"itemListElement\":[{\"@type\":\"ListItem\",\"position\":1,\"name\":\"Accueil\",\"item\":\"https:\/\/mmi24a01.mmi-troyes.fr\/wr211\/\"},{\"@type\":\"ListItem\",\"position\":2,\"name\":\"Cam\u00e9ra de sport\"}]},{\"@type\":\"WebSite\",\"@id\":\"https:\/\/mmi24a01.mmi-troyes.fr\/wr211\/#website\",\"url\":\"https:\/\/mmi24a01.mmi-troyes.fr\/wr211\/\",\"name\":\"ProjetCamera\",\"description\":\"\",\"potentialAction\":[{\"@type\":\"SearchAction\",\"target\":{\"@type\":\"EntryPoint\",\"urlTemplate\":\"https:\/\/mmi24a01.mmi-troyes.fr\/wr211\/?s={search_term_string}\"},\"query-input\":{\"@type\":\"PropertyValueSpecification\",\"valueRequired\":true,\"valueName\":\"search_term_string\"}}],\"inLanguage\":\"fr-FR\"}]}<\/script>\n<!-- \/ Yoast SEO plugin. -->","yoast_head_json":{"title":"Cam\u00e9ra de sport - ProjetCamera","robots":{"index":"index","follow":"follow","max-snippet":"max-snippet:-1","max-image-preview":"max-image-preview:large","max-video-preview":"max-video-preview:-1"},"canonical":"https:\/\/mmi24a01.mmi-troyes.fr\/wr211\/page-d-exemple\/","og_locale":"fr_FR","og_type":"article","og_title":"Cam\u00e9ra de sport - ProjetCamera","og_description":"Con\u00e7ues pour les aventuriers, les passionn\u00e9s de vitesse et les amateurs de sensations fortes, nos cam\u00e9ras de sport vous suivent partout. Compactes, r\u00e9sistantes aux chocs et \u00e9tanches, elles s\u2019adaptent \u00e0 [&hellip;]","og_url":"https:\/\/mmi24a01.mmi-troyes.fr\/wr211\/page-d-exemple\/","og_site_name":"ProjetCamera","article_modified_time":"2025-05-19T21:38:48+00:00","twitter_card":"summary_large_image","twitter_misc":{"Dur\u00e9e de lecture estim\u00e9e":"1 minute"},"schema":{"@context":"https:\/\/schema.org","@graph":[{"@type":"WebPage","@id":"https:\/\/mmi24a01.mmi-troyes.fr\/wr211\/page-d-exemple\/","url":"https:\/\/mmi24a01.mmi-troyes.fr\/wr211\/page-d-exemple\/","name":"Cam\u00e9ra de sport - ProjetCamera","isPartOf":{"@id":"https:\/\/mmi24a01.mmi-troyes.fr\/wr211\/#website"},"datePublished":"2025-05-12T09:25:27+00:00","dateModified":"2025-05-19T21:38:48+00:00","breadcrumb":{"@id":"https:\/\/mmi24a01.mmi-troyes.fr\/wr211\/page-d-exemple\/#breadcrumb"},"inLanguage":"fr-FR","potentialAction":[{"@type":"ReadAction","target":["https:\/\/mmi24a01.mmi-troyes.fr\/wr211\/page-d-exemple\/"]}]},{"@type":"BreadcrumbList","@id":"https:\/\/mmi24a01.mmi-troyes.fr\/wr211\/page-d-exemple\/#breadcrumb","itemListElement":[{"@type":"ListItem","position":1,"name":"Accueil","item":"https:\/\/mmi24a01.mmi-troyes.fr\/wr211\/"},{"@type":"ListItem","position":2,"name":"Cam\u00e9ra de sport"}]},{"@type":"WebSite","@id":"https:\/\/mmi24a01.mmi-troyes.fr\/wr211\/#website","url":"https:\/\/mmi24a01.mmi-troyes.fr\/wr211\/","name":"ProjetCamera","description":"","potentialAction":[{"@type":"SearchAction","target":{"@type":"EntryPoint","urlTemplate":"https:\/\/mmi24a01.mmi-troyes.fr\/wr211\/?s={search_term_string}"},"query-input":{"@type":"PropertyValueSpecification","valueRequired":true,"valueName":"search_term_string"}}],"inLanguage":"fr-FR"}]}},"_links":{"self":[{"href":"https:\/\/mmi24a01.mmi-troyes.fr\/wr211\/wp-json\/wp\/v2\/pages\/2","targetHints":{"allow":["GET"]}}],"collection":[{"href":"https:\/\/mmi24a01.mmi-troyes.fr\/wr211\/wp-json\/wp\/v2\/pages"}],"about":[{"href":"https:\/\/mmi24a01.mmi-troyes.fr\/wr211\/wp-json\/wp\/v2\/types\/page"}],"author":[{"embeddable":true,"href":"https:\/\/mmi24a01.mmi-troyes.fr\/wr211\/wp-json\/wp\/v2\/users\/1"}],"replies":[{"embeddable":true,"href":"https:\/\/mmi24a01.mmi-troyes.fr\/wr211\/wp-json\/wp\/v2\/comments?post=2"}],"version-history":[{"count":2,"href":"https:\/\/mmi24a01.mmi-troyes.fr\/wr211\/wp-json\/wp\/v2\/pages\/2\/revisions"}],"predecessor-version":[{"id":86,"href":"https:\/\/mmi24a01.mmi-troyes.fr\/wr211\/wp-json\/wp\/v2\/pages\/2\/revisions\/86"}],"wp:attachment":[{"href":"https:\/\/mmi24a01.mmi-troyes.fr\/wr211\/wp-json\/wp\/v2\/media?parent=2"}],"curies":[{"name":"wp","href":"https:\/\/api.w.org\/{rel}","templated":true}]}}