{"id":15,"date":"2025-05-19T21:25:55","date_gmt":"2025-05-19T19:25:55","guid":{"rendered":"http:\/\/mmi24a01.mmi-troyes.fr\/wr211\/?page_id=15"},"modified":"2025-05-19T23:08:32","modified_gmt":"2025-05-19T21:08:32","slug":"nos-cameras","status":"publish","type":"page","link":"https:\/\/mmi24a01.mmi-troyes.fr\/wr211\/nos-cameras\/","title":{"rendered":"Nos cam\u00e9ras"},"content":{"rendered":"\n<h3 class=\"wp-block-heading\">D\u00e9couvrez notre s\u00e9lection de cam\u00e9ras<\/h3>\n\n\n\n<figure class=\"wp-block-image size-full\"><img loading=\"lazy\" decoding=\"async\" width=\"735\" height=\"490\" src=\"http:\/\/mmi24a01.mmi-troyes.fr\/wr211\/wp-content\/uploads\/2025\/05\/Olympus-OM-2n-You-Wait-6-Months-For-An-OM-And-3-Come-Along-By-Bob-Janes.jpeg\" alt=\"\" class=\"wp-image-74\" srcset=\"https:\/\/mmi24a01.mmi-troyes.fr\/wr211\/wp-content\/uploads\/2025\/05\/Olympus-OM-2n-You-Wait-6-Months-For-An-OM-And-3-Come-Along-By-Bob-Janes.jpeg 735w, https:\/\/mmi24a01.mmi-troyes.fr\/wr211\/wp-content\/uploads\/2025\/05\/Olympus-OM-2n-You-Wait-6-Months-For-An-OM-And-3-Come-Along-By-Bob-Janes-300x200.jpeg 300w\" sizes=\"auto, (max-width: 735px) 100vw, 735px\" \/><\/figure>\n\n\n\n<p>Que vous soyez passionn\u00e9 de photographie, vid\u00e9aste amateur ou professionnel de l\u2019image, notre gamme de cam\u00e9ras r\u00e9pond \u00e0 tous les besoins. Du mod\u00e8le compact facile \u00e0 transporter aux cam\u00e9ras ultra-performantes pour des captations en 4K, nous avons s\u00e9lectionn\u00e9 des appareils alliant qualit\u00e9, innovation et fiabilit\u00e9. Parcourez nos diff\u00e9rentes cat\u00e9gories pour trouver la cam\u00e9ra qui vous accompagnera dans tous vos projets.<\/p>\n","protected":false},"excerpt":{"rendered":"<p>D\u00e9couvrez notre s\u00e9lection de cam\u00e9ras Que vous soyez passionn\u00e9 de photographie, vid\u00e9aste amateur ou professionnel de l\u2019image, notre gamme de cam\u00e9ras r\u00e9pond \u00e0 tous les besoins. Du mod\u00e8le compact facile [&hellip;]<\/p>\n","protected":false},"author":1,"featured_media":0,"parent":0,"menu_order":0,"comment_status":"closed","ping_status":"closed","template":"","meta":{"footnotes":""},"class_list":["post-15","page","type-page","status-publish","hentry","entry"],"yoast_head":"<!-- This site is optimized with the Yoast SEO plugin v25.1 - https:\/\/yoast.com\/wordpress\/plugins\/seo\/ -->\n<title>Nos cam\u00e9ras - ProjetCamera<\/title>\n<meta name=\"robots\" content=\"index, follow, max-snippet:-1, max-image-preview:large, max-video-preview:-1\" \/>\n<link rel=\"canonical\" href=\"https:\/\/mmi24a01.mmi-troyes.fr\/wr211\/nos-cameras\/\" \/>\n<meta property=\"og:locale\" content=\"fr_FR\" \/>\n<meta property=\"og:type\" content=\"article\" \/>\n<meta property=\"og:title\" content=\"Nos cam\u00e9ras - ProjetCamera\" \/>\n<meta property=\"og:description\" content=\"D\u00e9couvrez notre s\u00e9lection de cam\u00e9ras Que vous soyez passionn\u00e9 de photographie, vid\u00e9aste amateur ou professionnel de l\u2019image, notre gamme de cam\u00e9ras r\u00e9pond \u00e0 tous les besoins. Du mod\u00e8le compact facile [&hellip;]\" \/>\n<meta property=\"og:url\" content=\"https:\/\/mmi24a01.mmi-troyes.fr\/wr211\/nos-cameras\/\" \/>\n<meta property=\"og:site_name\" content=\"ProjetCamera\" \/>\n<meta property=\"article:modified_time\" content=\"2025-05-19T21:08:32+00:00\" \/>\n<meta property=\"og:image\" content=\"http:\/\/mmi24a01.mmi-troyes.fr\/wr211\/wp-content\/uploads\/2025\/05\/Olympus-OM-2n-You-Wait-6-Months-For-An-OM-And-3-Come-Along-By-Bob-Janes.jpeg\" \/>\n<meta name=\"twitter:card\" content=\"summary_large_image\" \/>\n<meta name=\"twitter:label1\" content=\"Dur\u00e9e de lecture estim\u00e9e\" \/>\n\t<meta name=\"twitter:data1\" content=\"1 minute\" \/>\n<script type=\"application\/ld+json\" class=\"yoast-schema-graph\">{\"@context\":\"https:\/\/schema.org\",\"@graph\":[{\"@type\":\"WebPage\",\"@id\":\"https:\/\/mmi24a01.mmi-troyes.fr\/wr211\/nos-cameras\/\",\"url\":\"https:\/\/mmi24a01.mmi-troyes.fr\/wr211\/nos-cameras\/\",\"name\":\"Nos cam\u00e9ras - ProjetCamera\",\"isPartOf\":{\"@id\":\"https:\/\/mmi24a01.mmi-troyes.fr\/wr211\/#website\"},\"primaryImageOfPage\":{\"@id\":\"https:\/\/mmi24a01.mmi-troyes.fr\/wr211\/nos-cameras\/#primaryimage\"},\"image\":{\"@id\":\"https:\/\/mmi24a01.mmi-troyes.fr\/wr211\/nos-cameras\/#primaryimage\"},\"thumbnailUrl\":\"http:\/\/mmi24a01.mmi-troyes.fr\/wr211\/wp-content\/uploads\/2025\/05\/Olympus-OM-2n-You-Wait-6-Months-For-An-OM-And-3-Come-Along-By-Bob-Janes.jpeg\",\"datePublished\":\"2025-05-19T19:25:55+00:00\",\"dateModified\":\"2025-05-19T21:08:32+00:00\",\"breadcrumb\":{\"@id\":\"https:\/\/mmi24a01.mmi-troyes.fr\/wr211\/nos-cameras\/#breadcrumb\"},\"inLanguage\":\"fr-FR\",\"potentialAction\":[{\"@type\":\"ReadAction\",\"target\":[\"https:\/\/mmi24a01.mmi-troyes.fr\/wr211\/nos-cameras\/\"]}]},{\"@type\":\"ImageObject\",\"inLanguage\":\"fr-FR\",\"@id\":\"https:\/\/mmi24a01.mmi-troyes.fr\/wr211\/nos-cameras\/#primaryimage\",\"url\":\"https:\/\/mmi24a01.mmi-troyes.fr\/wr211\/wp-content\/uploads\/2025\/05\/Olympus-OM-2n-You-Wait-6-Months-For-An-OM-And-3-Come-Along-By-Bob-Janes.jpeg\",\"contentUrl\":\"https:\/\/mmi24a01.mmi-troyes.fr\/wr211\/wp-content\/uploads\/2025\/05\/Olympus-OM-2n-You-Wait-6-Months-For-An-OM-And-3-Come-Along-By-Bob-Janes.jpeg\",\"width\":735,\"height\":490},{\"@type\":\"BreadcrumbList\",\"@id\":\"https:\/\/mmi24a01.mmi-troyes.fr\/wr211\/nos-cameras\/#breadcrumb\",\"itemListElement\":[{\"@type\":\"ListItem\",\"position\":1,\"name\":\"Accueil\",\"item\":\"https:\/\/mmi24a01.mmi-troyes.fr\/wr211\/\"},{\"@type\":\"ListItem\",\"position\":2,\"name\":\"Nos cam\u00e9ras\"}]},{\"@type\":\"WebSite\",\"@id\":\"https:\/\/mmi24a01.mmi-troyes.fr\/wr211\/#website\",\"url\":\"https:\/\/mmi24a01.mmi-troyes.fr\/wr211\/\",\"name\":\"ProjetCamera\",\"description\":\"\",\"potentialAction\":[{\"@type\":\"SearchAction\",\"target\":{\"@type\":\"EntryPoint\",\"urlTemplate\":\"https:\/\/mmi24a01.mmi-troyes.fr\/wr211\/?s={search_term_string}\"},\"query-input\":{\"@type\":\"PropertyValueSpecification\",\"valueRequired\":true,\"valueName\":\"search_term_string\"}}],\"inLanguage\":\"fr-FR\"}]}<\/script>\n<!-- \/ Yoast SEO plugin. -->","yoast_head_json":{"title":"Nos cam\u00e9ras - ProjetCamera","robots":{"index":"index","follow":"follow","max-snippet":"max-snippet:-1","max-image-preview":"max-image-preview:large","max-video-preview":"max-video-preview:-1"},"canonical":"https:\/\/mmi24a01.mmi-troyes.fr\/wr211\/nos-cameras\/","og_locale":"fr_FR","og_type":"article","og_title":"Nos cam\u00e9ras - ProjetCamera","og_description":"D\u00e9couvrez notre s\u00e9lection de cam\u00e9ras Que vous soyez passionn\u00e9 de photographie, vid\u00e9aste amateur ou professionnel de l\u2019image, notre gamme de cam\u00e9ras r\u00e9pond \u00e0 tous les besoins. Du mod\u00e8le compact facile [&hellip;]","og_url":"https:\/\/mmi24a01.mmi-troyes.fr\/wr211\/nos-cameras\/","og_site_name":"ProjetCamera","article_modified_time":"2025-05-19T21:08:32+00:00","og_image":[{"url":"http:\/\/mmi24a01.mmi-troyes.fr\/wr211\/wp-content\/uploads\/2025\/05\/Olympus-OM-2n-You-Wait-6-Months-For-An-OM-And-3-Come-Along-By-Bob-Janes.jpeg","type":"","width":"","height":""}],"twitter_card":"summary_large_image","twitter_misc":{"Dur\u00e9e de lecture estim\u00e9e":"1 minute"},"schema":{"@context":"https:\/\/schema.org","@graph":[{"@type":"WebPage","@id":"https:\/\/mmi24a01.mmi-troyes.fr\/wr211\/nos-cameras\/","url":"https:\/\/mmi24a01.mmi-troyes.fr\/wr211\/nos-cameras\/","name":"Nos cam\u00e9ras - ProjetCamera","isPartOf":{"@id":"https:\/\/mmi24a01.mmi-troyes.fr\/wr211\/#website"},"primaryImageOfPage":{"@id":"https:\/\/mmi24a01.mmi-troyes.fr\/wr211\/nos-cameras\/#primaryimage"},"image":{"@id":"https:\/\/mmi24a01.mmi-troyes.fr\/wr211\/nos-cameras\/#primaryimage"},"thumbnailUrl":"http:\/\/mmi24a01.mmi-troyes.fr\/wr211\/wp-content\/uploads\/2025\/05\/Olympus-OM-2n-You-Wait-6-Months-For-An-OM-And-3-Come-Along-By-Bob-Janes.jpeg","datePublished":"2025-05-19T19:25:55+00:00","dateModified":"2025-05-19T21:08:32+00:00","breadcrumb":{"@id":"https:\/\/mmi24a01.mmi-troyes.fr\/wr211\/nos-cameras\/#breadcrumb"},"inLanguage":"fr-FR","potentialAction":[{"@type":"ReadAction","target":["https:\/\/mmi24a01.mmi-troyes.fr\/wr211\/nos-cameras\/"]}]},{"@type":"ImageObject","inLanguage":"fr-FR","@id":"https:\/\/mmi24a01.mmi-troyes.fr\/wr211\/nos-cameras\/#primaryimage","url":"https:\/\/mmi24a01.mmi-troyes.fr\/wr211\/wp-content\/uploads\/2025\/05\/Olympus-OM-2n-You-Wait-6-Months-For-An-OM-And-3-Come-Along-By-Bob-Janes.jpeg","contentUrl":"https:\/\/mmi24a01.mmi-troyes.fr\/wr211\/wp-content\/uploads\/2025\/05\/Olympus-OM-2n-You-Wait-6-Months-For-An-OM-And-3-Come-Along-By-Bob-Janes.jpeg","width":735,"height":490},{"@type":"BreadcrumbList","@id":"https:\/\/mmi24a01.mmi-troyes.fr\/wr211\/nos-cameras\/#breadcrumb","itemListElement":[{"@type":"ListItem","position":1,"name":"Accueil","item":"https:\/\/mmi24a01.mmi-troyes.fr\/wr211\/"},{"@type":"ListItem","position":2,"name":"Nos cam\u00e9ras"}]},{"@type":"WebSite","@id":"https:\/\/mmi24a01.mmi-troyes.fr\/wr211\/#website","url":"https:\/\/mmi24a01.mmi-troyes.fr\/wr211\/","name":"ProjetCamera","description":"","potentialAction":[{"@type":"SearchAction","target":{"@type":"EntryPoint","urlTemplate":"https:\/\/mmi24a01.mmi-troyes.fr\/wr211\/?s={search_term_string}"},"query-input":{"@type":"PropertyValueSpecification","valueRequired":true,"valueName":"search_term_string"}}],"inLanguage":"fr-FR"}]}},"_links":{"self":[{"href":"https:\/\/mmi24a01.mmi-troyes.fr\/wr211\/wp-json\/wp\/v2\/pages\/15","targetHints":{"allow":["GET"]}}],"collection":[{"href":"https:\/\/mmi24a01.mmi-troyes.fr\/wr211\/wp-json\/wp\/v2\/pages"}],"about":[{"href":"https:\/\/mmi24a01.mmi-troyes.fr\/wr211\/wp-json\/wp\/v2\/types\/page"}],"author":[{"embeddable":true,"href":"https:\/\/mmi24a01.mmi-troyes.fr\/wr211\/wp-json\/wp\/v2\/users\/1"}],"replies":[{"embeddable":true,"href":"https:\/\/mmi24a01.mmi-troyes.fr\/wr211\/wp-json\/wp\/v2\/comments?post=15"}],"version-history":[{"count":2,"href":"https:\/\/mmi24a01.mmi-troyes.fr\/wr211\/wp-json\/wp\/v2\/pages\/15\/revisions"}],"predecessor-version":[{"id":75,"href":"https:\/\/mmi24a01.mmi-troyes.fr\/wr211\/wp-json\/wp\/v2\/pages\/15\/revisions\/75"}],"wp:attachment":[{"href":"https:\/\/mmi24a01.mmi-troyes.fr\/wr211\/wp-json\/wp\/v2\/media?parent=15"}],"curies":[{"name":"wp","href":"https:\/\/api.w.org\/{rel}","templated":true}]}}